{"id":305,"date":"2017-03-12T13:49:00","date_gmt":"2017-03-12T13:49:00","guid":{"rendered":"http:\/\/gr-akademiker-berlin.de\/?page_id=305"},"modified":"2017-03-12T13:49:00","modified_gmt":"2017-03-12T13:49:00","slug":"der-verein","status":"publish","type":"page","link":"http:\/\/gr-akademiker-berlin.de\/?page_id=305&lang=de","title":{"rendered":"Der Verein"},"content":{"rendered":"<p>Der Verein \u201eGriechische Akademiker in Berlin und Brandenburg e.V.\u201c wurde im Jahr 2000 durch die Fusion zweier griechischer Berliner Akademikervereine mit einer \u00fcber 20j\u00e4hrigen Tradition gegr\u00fcndet. Zweck des Vereins ist die F\u00f6rderung der Bildung, der Wissenschaft, der Musik, der Literatur, der darstellenden und bildenden K\u00fcnste mit dem Schwerpunkt Griechenland, sowie der demokratischen Grundwerte und der V\u00f6lkerverst\u00e4ndigung.<\/p>\n","protected":false},"excerpt":{"rendered":"<p>Der Verein \u201eGriechische Akademiker in Berlin und Brandenburg e.V.\u201c wurde im Jahr 2000 durch die Fusion zweier griechischer Berliner Akademikervereine mit einer \u00fcber 20j\u00e4hrigen Tradition gegr\u00fcndet. Zweck des Vereins ist die F\u00f6rderung der Bildung, der Wissenschaft, der Musik, der Literatur, [&hellip;]<\/p>\n","protected":false},"author":1,"featured_media":0,"parent":0,"menu_order":0,"comment_status":"closed","ping_status":"closed","template":"","meta":[],"_links":{"self":[{"href":"http:\/\/gr-akademiker-berlin.de\/index.php?rest_route=\/wp\/v2\/pages\/305"}],"collection":[{"href":"http:\/\/gr-akademiker-berlin.de\/index.php?rest_route=\/wp\/v2\/pages"}],"about":[{"href":"http:\/\/gr-akademiker-berlin.de\/index.php?rest_route=\/wp\/v2\/types\/page"}],"author":[{"embeddable":true,"href":"http:\/\/gr-akademiker-berlin.de\/index.php?rest_route=\/wp\/v2\/users\/1"}],"replies":[{"embeddable":true,"href":"http:\/\/gr-akademiker-berlin.de\/index.php?rest_route=%2Fwp%2Fv2%2Fcomments&post=305"}],"version-history":[{"count":1,"href":"http:\/\/gr-akademiker-berlin.de\/index.php?rest_route=\/wp\/v2\/pages\/305\/revisions"}],"predecessor-version":[{"id":306,"href":"http:\/\/gr-akademiker-berlin.de\/index.php?rest_route=\/wp\/v2\/pages\/305\/revisions\/306"}],"wp:attachment":[{"href":"http:\/\/gr-akademiker-berlin.de\/index.php?rest_route=%2Fwp%2Fv2%2Fmedia&parent=305"}],"curies":[{"name":"wp","href":"https:\/\/api.w.org\/{rel}","templated":true}]}}